{"id":10258,"date":"2021-08-17T08:25:11","date_gmt":"2021-08-17T06:25:11","guid":{"rendered":"http:\/\/www.abetonhu.test\/?page_id=10258"},"modified":"2021-09-15T16:05:28","modified_gmt":"2021-09-15T14:05:28","slug":"esemenyek","status":"publish","type":"page","link":"https:\/\/www.abeton.hu\/index.php\/esemenyek\/","title":{"rendered":"Esem\u00e9nyek"},"content":{"rendered":"\n\n\t<div class=\"blogfree-plugin blog-clearfix \">\n\t\n\t\t<div id=\"post-12507\" class=\"blog type-blog blog-clearfix has-thumb blog-col-0 wpbaw-blog-class wpbaw-first has-date\">\n\t\t\t<div class=\"blog-inner-wrap-view blog-clearfix\">\n\t\t\t\t\t\t\t\t\t<div class=\"blog-thumb\">\n\t\t\t\t\t\t<div class=\"grid-blog-thumb\">\n\t\t\t\t\t\t\t<a href=\"https:\/\/www.abeton.hu\/index.php\/blog-post\/2022-02-17-pentek-fegyelmezo-reszleg-eroszakszervezet-dealer-bt-tboi-d-r-d\/\"><img class=\"wpbaw-blog-img\" src=\"https:\/\/www.abeton.hu\/wp-content\/uploads\/2023\/02\/0217.jpg\" alt=\"2023.02.17.p\u00e9ntek Fegyelmez\u0151 R\u00e9szleg\/Er\u0151szakszervezet\/ Dealer Bt.\/ TbOi!\/D.R.D.\"\/><\/a>\n\t\t\t\t\t\t<\/div>\n\t\t\t\t\t<\/div>\n\t\t\t\t\t\t\t\t<div class=\"blog-content\">\n\t\t\t\t\t\t\t\t\t\t\t<div class=\"grid-category-post\">\n\t\t\t\t\t\t\tKoncertek\t\t\t\t\t\t<\/div>\n\t\t\t\t\t\t\t\t\t\t\t\t\t<div class=\"blog-author\">\n\t\t\t\t\t\t\t\t\t\t\t\t\t\t\t\t\t<span>\n\t\t\t\t\t\t\t\t\t\t <a href=\"https:\/\/www.abeton.hu\/index.php\/author\/admin\/\" target=\"_self\"><\/a>\n\t\t\t\t\t\t\t\t\t<\/span>\n\t\t\t\t\t\t\t\t\t\t\t\t\t\t\t\t\t\t\t\t\t\t\t\t\t\t\t\t\t\t\t<\/div>\n\t\t\t\t\t\t\t\t\t\t\t<div class=\"post-content-text\">\n\t\t\t\t\t\t\t\t\t\t\t\t\t\t\t\t\t\t\t<h3 class=\"blog-title\"><a href=\"https:\/\/www.abeton.hu\/index.php\/blog-post\/2022-02-17-pentek-fegyelmezo-reszleg-eroszakszervezet-dealer-bt-tboi-d-r-d\/\" rel=\"bookmark\">2023.02.17.p\u00e9ntek Fegyelmez\u0151 R\u00e9szleg\/Er\u0151szakszervezet\/ Dealer Bt.\/ TbOi!\/D.R.D.<\/a><\/h3>\n\t\t\t\t\t\t\t\t\t\t\t\t\t\t\t\t\t\t\t\t\t\t\t\t\t<div class=\"blog-content-excerpt\">\n\t\t\t\t\t\t\t\t\t\t\t\t\t\t\t\t\t<p class=\"blog-short-content\">AROA \u00e9s A BETON KULT\u00daR\u00c1LIS ALAP EGYES\u00dcLET szervez\u00e9s\u00e9ben. Fell\u00e9p\u0151k:-Er\u0151szakszervezet (Debrecen)-Dealer Bt. (Mosonmagyar\u00f3v\u00e1r)-Fegyelmez\u0151 R\u00e9szleg (Sz\u00e9kesfeh\u00e9rv\u00e1r)-TbOi! (Budapest)-D.R.D. (Ausztria)&nbsp; Kapunyit\u00e1s: 19:00 https:\/\/www.facebook.com\/events\/1226256168273219?ref=newsfeed<\/p>\n\t\t\t\t\t\t\t\t\t<a href=\"https:\/\/www.abeton.hu\/index.php\/blog-post\/2022-02-17-pentek-fegyelmezo-reszleg-eroszakszervezet-dealer-bt-tboi-d-r-d\/\" class=\"blog-more-link\"> Tov\u00e1bb<\/a>\n\t\t\t\t\t\t\t\t\t\t\t\t\t\t\t<\/div>\n\t\t\t\t\t\t\t\t\t\t\t<\/div>\n\t\t\t\t<\/div>\n\t\t\t<\/div>\n\t\t<\/div>\n\t\t\n\t\t<div id=\"post-12513\" class=\"blog type-blog blog-clearfix has-thumb blog-col-0 wpbaw-blog-class has-date\">\n\t\t\t<div class=\"blog-inner-wrap-view blog-clearfix\">\n\t\t\t\t\t\t\t\t\t<div class=\"blog-thumb\">\n\t\t\t\t\t\t<div class=\"grid-blog-thumb\">\n\t\t\t\t\t\t\t<a href=\"https:\/\/www.abeton.hu\/index.php\/blog-post\/2023-03-04-szombat-red-swamp-heedless-elegance-mad-robots-mocking-beats\/\"><img class=\"wpbaw-blog-img\" src=\"https:\/\/www.abeton.hu\/wp-content\/uploads\/2023\/02\/0319-1024x560.jpg\" alt=\"2023.03.04.szombat RED SWAMP\/HEEDLESS ELEGANCE\/ Mad Robots\/Mocking Beats\"\/><\/a>\n\t\t\t\t\t\t<\/div>\n\t\t\t\t\t<\/div>\n\t\t\t\t\t\t\t\t<div class=\"blog-content\">\n\t\t\t\t\t\t\t\t\t\t\t<div class=\"grid-category-post\">\n\t\t\t\t\t\t\tKoncertek\t\t\t\t\t\t<\/div>\n\t\t\t\t\t\t\t\t\t\t\t\t\t<div class=\"blog-author\">\n\t\t\t\t\t\t\t\t\t\t\t\t\t\t\t\t\t<span>\n\t\t\t\t\t\t\t\t\t\t <a href=\"https:\/\/www.abeton.hu\/index.php\/author\/admin\/\" target=\"_self\"><\/a>\n\t\t\t\t\t\t\t\t\t<\/span>\n\t\t\t\t\t\t\t\t\t\t\t\t\t\t\t\t\t\t\t\t\t\t\t\t\t\t\t\t\t\t\t<\/div>\n\t\t\t\t\t\t\t\t\t\t\t<div class=\"post-content-text\">\n\t\t\t\t\t\t\t\t\t\t\t\t\t\t\t\t\t\t\t<h3 class=\"blog-title\"><a href=\"https:\/\/www.abeton.hu\/index.php\/blog-post\/2023-03-04-szombat-red-swamp-heedless-elegance-mad-robots-mocking-beats\/\" rel=\"bookmark\">2023.03.04.szombat RED SWAMP\/HEEDLESS ELEGANCE\/ Mad Robots\/Mocking Beats<\/a><\/h3>\n\t\t\t\t\t\t\t\t\t\t\t\t\t\t\t\t\t\t\t\t\t\t\t\t\t<div class=\"blog-content-excerpt\">\n\t\t\t\t\t\t\t\t\t\t\t\t\t\t\t\t\t<p class=\"blog-short-content\">A Red Swamp \u00e9s a Heedless Elegance a Mad Robots \u00e9s a Mocking Beats seg\u00edts\u00e9g\u00e9vel hatalmas csinadratt\u00e1t csap a Betonban!...<\/p>\n\t\t\t\t\t\t\t\t\t<a href=\"https:\/\/www.abeton.hu\/index.php\/blog-post\/2023-03-04-szombat-red-swamp-heedless-elegance-mad-robots-mocking-beats\/\" class=\"blog-more-link\"> Tov\u00e1bb<\/a>\n\t\t\t\t\t\t\t\t\t\t\t\t\t\t\t<\/div>\n\t\t\t\t\t\t\t\t\t\t\t<\/div>\n\t\t\t\t<\/div>\n\t\t\t<\/div>\n\t\t<\/div>\n\t\t\n\t\t<div id=\"post-12509\" class=\"blog type-blog blog-clearfix has-thumb blog-col-0 wpbaw-blog-class has-date\">\n\t\t\t<div class=\"blog-inner-wrap-view blog-clearfix\">\n\t\t\t\t\t\t\t\t\t<div class=\"blog-thumb\">\n\t\t\t\t\t\t<div class=\"grid-blog-thumb\">\n\t\t\t\t\t\t\t<a href=\"https:\/\/www.abeton.hu\/index.php\/blog-post\/2023-02-18-szombat-strong-deformity-das-model-kint-a-barany\/\"><img class=\"wpbaw-blog-img\" src=\"https:\/\/www.abeton.hu\/wp-content\/uploads\/2023\/02\/0218-1024x576.jpg\" alt=\"2023.02.18.szombat STRONG DEFORMITY\/ Das Model \/ Kint A B\u00e1r\u00e1ny\"\/><\/a>\n\t\t\t\t\t\t<\/div>\n\t\t\t\t\t<\/div>\n\t\t\t\t\t\t\t\t<div class=\"blog-content\">\n\t\t\t\t\t\t\t\t\t\t\t<div class=\"grid-category-post\">\n\t\t\t\t\t\t\tKoncertek\t\t\t\t\t\t<\/div>\n\t\t\t\t\t\t\t\t\t\t\t\t\t<div class=\"blog-author\">\n\t\t\t\t\t\t\t\t\t\t\t\t\t\t\t\t\t<span>\n\t\t\t\t\t\t\t\t\t\t <a href=\"https:\/\/www.abeton.hu\/index.php\/author\/admin\/\" target=\"_self\"><\/a>\n\t\t\t\t\t\t\t\t\t<\/span>\n\t\t\t\t\t\t\t\t\t\t\t\t\t\t\t\t\t\t\t\t\t\t\t\t\t\t\t\t\t\t\t<\/div>\n\t\t\t\t\t\t\t\t\t\t\t<div class=\"post-content-text\">\n\t\t\t\t\t\t\t\t\t\t\t\t\t\t\t\t\t\t\t<h3 class=\"blog-title\"><a href=\"https:\/\/www.abeton.hu\/index.php\/blog-post\/2023-02-18-szombat-strong-deformity-das-model-kint-a-barany\/\" rel=\"bookmark\">2023.02.18.szombat STRONG DEFORMITY\/ Das Model \/ Kint A B\u00e1r\u00e1ny<\/a><\/h3>\n\t\t\t\t\t\t\t\t\t\t\t\t\t\t\t\t\t\t\t\t\t\t\t\t\t<div class=\"blog-content-excerpt\">\n\t\t\t\t\t\t\t\t\t\t\t\t\t\t\t\t\t<p class=\"blog-short-content\">A nemr\u00e9g \u00faj albummal [Inside Your Sun] jelentkez\u0151 Strong Deformity \u00fajra Gy\u0151rben. \u00daj \u00e9s r\u00e9gi dalok. S\u00falyos git\u00e1rok \u00e9s elektronika.Inside...<\/p>\n\t\t\t\t\t\t\t\t\t<a href=\"https:\/\/www.abeton.hu\/index.php\/blog-post\/2023-02-18-szombat-strong-deformity-das-model-kint-a-barany\/\" class=\"blog-more-link\"> Tov\u00e1bb<\/a>\n\t\t\t\t\t\t\t\t\t\t\t\t\t\t\t<\/div>\n\t\t\t\t\t\t\t\t\t\t\t<\/div>\n\t\t\t\t<\/div>\n\t\t\t<\/div>\n\t\t<\/div>\n\t\t\n\t\t<div id=\"post-12511\" class=\"blog type-blog blog-clearfix has-thumb blog-col-0 wpbaw-blog-class wpbaw-last has-date\">\n\t\t\t<div class=\"blog-inner-wrap-view blog-clearfix\">\n\t\t\t\t\t\t\t\t\t<div class=\"blog-thumb\">\n\t\t\t\t\t\t<div class=\"grid-blog-thumb\">\n\t\t\t\t\t\t\t<a href=\"https:\/\/www.abeton.hu\/index.php\/blog-post\/2023-03-18-szombat-ordog-raksha-bandhan-the-unknown-disorder\/\"><img class=\"wpbaw-blog-img\" src=\"https:\/\/www.abeton.hu\/wp-content\/uploads\/2023\/02\/0318-1024x536.jpg\" alt=\"2023.03.18.szombat \u00d8rd\u00f8g\/ Raksha Bandhan\/ The Unknown Disorder\"\/><\/a>\n\t\t\t\t\t\t<\/div>\n\t\t\t\t\t<\/div>\n\t\t\t\t\t\t\t\t<div class=\"blog-content\">\n\t\t\t\t\t\t\t\t\t\t\t<div class=\"grid-category-post\">\n\t\t\t\t\t\t\tKoncertek\t\t\t\t\t\t<\/div>\n\t\t\t\t\t\t\t\t\t\t\t\t\t<div class=\"blog-author\">\n\t\t\t\t\t\t\t\t\t\t\t\t\t\t\t\t\t<span>\n\t\t\t\t\t\t\t\t\t\t <a href=\"https:\/\/www.abeton.hu\/index.php\/author\/admin\/\" target=\"_self\"><\/a>\n\t\t\t\t\t\t\t\t\t<\/span>\n\t\t\t\t\t\t\t\t\t\t\t\t\t\t\t\t\t\t\t\t\t\t\t\t\t\t\t\t\t\t\t<\/div>\n\t\t\t\t\t\t\t\t\t\t\t<div class=\"post-content-text\">\n\t\t\t\t\t\t\t\t\t\t\t\t\t\t\t\t\t\t\t<h3 class=\"blog-title\"><a href=\"https:\/\/www.abeton.hu\/index.php\/blog-post\/2023-03-18-szombat-ordog-raksha-bandhan-the-unknown-disorder\/\" rel=\"bookmark\">2023.03.18.szombat \u00d8rd\u00f8g\/ Raksha Bandhan\/ The Unknown Disorder<\/a><\/h3>\n\t\t\t\t\t\t\t\t\t\t\t\t\t\t\t\t\t\t\t\t\t\t\t\t\t<div class=\"blog-content-excerpt\">\n\t\t\t\t\t\t\t\t\t\t\t\t\t\t\t\t\t<p class=\"blog-short-content\">Az \u00d8rd\u00f8g Gy\u0151rbenVend\u00e9g: Raksha Bandhan, The Unknown Disorder 2023. m\u00e1rcius 18., szombat 19.30 A Beton A bel\u00e9p\u0151 el\u0151v\u00e9telben 2800, a...<\/p>\n\t\t\t\t\t\t\t\t\t<a href=\"https:\/\/www.abeton.hu\/index.php\/blog-post\/2023-03-18-szombat-ordog-raksha-bandhan-the-unknown-disorder\/\" class=\"blog-more-link\"> Tov\u00e1bb<\/a>\n\t\t\t\t\t\t\t\t\t\t\t\t\t\t\t<\/div>\n\t\t\t\t\t\t\t\t\t\t\t<\/div>\n\t\t\t\t<\/div>\n\t\t\t<\/div>\n\t\t<\/div>\n\t\t\t\t<div class=\"blog_pagination blog-clearfix\">\n\t\t\t\t\t<\/div>\n\t<\/div>\n\t\n\n\n\n<div class=\"wp-block-columns\">\n<div class=\"wp-block-column\"><\/div>\n\n\n\n<div class=\"wp-block-column\"><\/div>\n<\/div>\n\n\n\n<p><\/p>\n","protected":false},"excerpt":{"rendered":"","protected":false},"author":1,"featured_media":10047,"parent":0,"menu_order":0,"comment_status":"closed","ping_status":"closed","template":"","meta":[],"_links":{"self":[{"href":"https:\/\/www.abeton.hu\/index.php\/wp-json\/wp\/v2\/pages\/10258"}],"collection":[{"href":"https:\/\/www.abeton.hu\/index.php\/wp-json\/wp\/v2\/pages"}],"about":[{"href":"https:\/\/www.abeton.hu\/index.php\/wp-json\/wp\/v2\/types\/page"}],"author":[{"embeddable":true,"href":"https:\/\/www.abeton.hu\/index.php\/wp-json\/wp\/v2\/users\/1"}],"replies":[{"embeddable":true,"href":"https:\/\/www.abeton.hu\/index.php\/wp-json\/wp\/v2\/comments?post=10258"}],"version-history":[{"count":5,"href":"https:\/\/www.abeton.hu\/index.php\/wp-json\/wp\/v2\/pages\/10258\/revisions"}],"predecessor-version":[{"id":10373,"href":"https:\/\/www.abeton.hu\/index.php\/wp-json\/wp\/v2\/pages\/10258\/revisions\/10373"}],"wp:featuredmedia":[{"embeddable":true,"href":"https:\/\/www.abeton.hu\/index.php\/wp-json\/wp\/v2\/media\/10047"}],"wp:attachment":[{"href":"https:\/\/www.abeton.hu\/index.php\/wp-json\/wp\/v2\/media?parent=10258"}],"curies":[{"name":"wp","href":"https:\/\/api.w.org\/{rel}","templated":true}]}}