{"id":11,"date":"2016-02-18T18:42:05","date_gmt":"2016-02-18T18:42:05","guid":{"rendered":"http:\/\/localhost\/abeton\/?page_id=11"},"modified":"2023-02-20T15:59:49","modified_gmt":"2023-02-20T14:59:49","slug":"elerhetosegek","status":"publish","type":"page","link":"https:\/\/www.abeton.hu\/index.php\/elerhetosegek\/","title":{"rendered":"El\u00e9rhet\u0151s\u00e9gek"},"content":{"rendered":"\n<div style=\"height:36px\" aria-hidden=\"true\" class=\"wp-block-spacer\"><\/div>\n\n\n\n<ul class=\"wp-block-social-links aligncenter\"><li class=\"wp-social-link wp-social-link-facebook\"><a href=\"https:\/\/www.facebook.com\/abeton2016\/\" aria-label=\"Facebook\"> <svg width=\"24\" height=\"24\" viewBox=\"0 0 24 24\" version=\"1.1\" xmlns=\"http:\/\/www.w3.org\/2000\/svg\" role=\"img\" aria-hidden=\"true\" focusable=\"false\"><path d=\"M12 2C6.5 2 2 6.5 2 12c0 5 3.7 9.1 8.4 9.9v-7H7.9V12h2.5V9.8c0-2.5 1.5-3.9 3.8-3.9 1.1 0 2.2.2 2.2.2v2.5h-1.3c-1.2 0-1.6.8-1.6 1.6V12h2.8l-.4 2.9h-2.3v7C18.3 21.1 22 17 22 12c0-5.5-4.5-10-10-10z\"><\/path><\/svg><\/a><\/li><\/ul>\n\n\n\n<div style=\"height:45px\" aria-hidden=\"true\" class=\"wp-block-spacer\"><\/div>\n\n\n<p style=\"text-align: center;\">9027 Gy\u0151r, Pusk\u00e1s Tivadar \u00fat 8.<\/p>\n<p style=\"text-align: center;\">info[kukac]abeton.hu<\/p>\n<p>\u00a0<\/p>\n<p style=\"text-align: center;\"><iframe style=\"border: 0;\" src=\"https:\/\/www.google.com\/maps\/embed?pb=!1m18!1m12!1m3!1d2685.84308877421!2d17.661146116018905!3d47.68746719038075!2m3!1f0!2f0!3f0!3m2!1i1024!2i768!4f13.1!3m3!1m2!1s0x476bbf97e389f143%3A0x98ea7a57e019e403!2sAbeton!5e0!3m2!1shu!2shu!4v1465230702088\" width=\"600\" height=\"450\" frameborder=\"0\" allowfullscreen=\"allowfullscreen\"><\/iframe><\/p>\n\n\n<div class=\"wp-block-image\"><figure class=\"aligncenter size-large is-resized\"><img loading=\"lazy\" src=\"https:\/\/www.abeton.hu\/wp-content\/uploads\/2021\/08\/Screenshot-2021-08-17-at-8.47.48.png\" alt=\"\" class=\"wp-image-10266\" width=\"300\" height=\"NaN\" srcset=\"https:\/\/www.abeton.hu\/wp-content\/uploads\/2021\/08\/Screenshot-2021-08-17-at-8.47.48.png 953w, https:\/\/www.abeton.hu\/wp-content\/uploads\/2021\/08\/Screenshot-2021-08-17-at-8.47.48-300x212.png 300w, https:\/\/www.abeton.hu\/wp-content\/uploads\/2021\/08\/Screenshot-2021-08-17-at-8.47.48-768x542.png 768w\" sizes=\"(max-width: 953px) 100vw, 953px\" \/><\/figure><\/div>\n","protected":false},"excerpt":{"rendered":"<p>9027 Gy\u0151r, Pusk\u00e1s Tivadar \u00fat 8. info[kukac]abeton.hu \u00a0<\/p>\n","protected":false},"author":1,"featured_media":10239,"parent":0,"menu_order":0,"comment_status":"closed","ping_status":"closed","template":"","meta":[],"_links":{"self":[{"href":"https:\/\/www.abeton.hu\/index.php\/wp-json\/wp\/v2\/pages\/11"}],"collection":[{"href":"https:\/\/www.abeton.hu\/index.php\/wp-json\/wp\/v2\/pages"}],"about":[{"href":"https:\/\/www.abeton.hu\/index.php\/wp-json\/wp\/v2\/types\/page"}],"author":[{"embeddable":true,"href":"https:\/\/www.abeton.hu\/index.php\/wp-json\/wp\/v2\/users\/1"}],"replies":[{"embeddable":true,"href":"https:\/\/www.abeton.hu\/index.php\/wp-json\/wp\/v2\/comments?post=11"}],"version-history":[{"count":23,"href":"https:\/\/www.abeton.hu\/index.php\/wp-json\/wp\/v2\/pages\/11\/revisions"}],"predecessor-version":[{"id":12572,"href":"https:\/\/www.abeton.hu\/index.php\/wp-json\/wp\/v2\/pages\/11\/revisions\/12572"}],"wp:featuredmedia":[{"embeddable":true,"href":"https:\/\/www.abeton.hu\/index.php\/wp-json\/wp\/v2\/media\/10239"}],"wp:attachment":[{"href":"https:\/\/www.abeton.hu\/index.php\/wp-json\/wp\/v2\/media?parent=11"}],"curies":[{"name":"wp","href":"https:\/\/api.w.org\/{rel}","templated":true}]}}