{"id":178,"date":"2016-04-13T20:25:48","date_gmt":"2016-04-13T19:25:48","guid":{"rendered":"http:\/\/abeton.hu\/?page_id=178"},"modified":"2021-08-17T08:34:36","modified_gmt":"2021-08-17T06:34:36","slug":"fooldal","status":"publish","type":"page","link":"https:\/\/www.abeton.hu\/","title":{"rendered":"F\u0151oldal"},"content":{"rendered":"\n\n\t<div class=\"blogfree-plugin blog-clearfix \">\n\t\n\t\t<div id=\"post-10412\" class=\"blog type-blog no-thumb blog-col-0 wpbaw-blog-class wpbaw-first has-date\">\n\t\t\t<div class=\"blog-inner-wrap-view blog-clearfix\">\n\t\t\t\n\t\t\t<div class=\"blog-content\">\n\t\t\t\t\t\t\t\t\t<div class=\"grid-category-post\">\n\t\t\t\t\t\t<a href=\"https:\/\/www.abeton.hu\/index.php\/blog-category\/hirek\/\">H\u00edrek<\/a>\t\t\t\t\t<\/div>\n\t\t\t\t\t\t\t\t\t\t\t<div class=\"blog-author\">\n\t\t\t\t\t\t\t\t\t\t\t\t\t\t\t<span><a href=\"\" target=\"_self\"> <\/a><\/span>\n\t\t\t\t\t\t\t\t\t\t\t\t\t\t\t\t\t\t\t\t\t\t\t\t\t\t\t<\/div>\n\t\t\t\t<div class=\"post-content-text\">\n\t\t\t\t\t\t\t\t\t\t\t\t\t\t\t<h3 class=\"blog-title\"><a href=\"https:\/\/www.abeton.hu\/index.php\/blog-post\/mar-gitaroktatas-is-a-hazban\/\" rel=\"bookmark\">M\u00e1r git\u00e1roktat\u00e1s is a h\u00e1zban<\/a><\/h3>\n\t\t\t\t\t\t\t\t\t\t\t\t\t\t\t\t\t\t\t\t\t<div class=\"blog-content-excerpt\">\n\t\t\t\t\t\t\t\t\t\t\t\t\t\t\t<p class=\"blog-short-content\"><\/p>\n\t\t\t\t\t\t\t\t<a href=\"https:\/\/www.abeton.hu\/index.php\/blog-post\/mar-gitaroktatas-is-a-hazban\/\" class=\"blog-more-link\"> Read More<\/a>\n\t\t\t\t\t\t\t\t\t\t\t\t\t<\/div>\n\t\t\t\t\t\t\t\t\t<\/div>\n\t\t\t<\/div>\n\t\t\t<\/div>\n\t\t<\/div>\n\t\n\t\t<div id=\"post-10279\" class=\"blog type-blog no-thumb blog-col-0 wpbaw-blog-class wpbaw-last has-date\">\n\t\t\t<div class=\"blog-inner-wrap-view blog-clearfix\">\n\t\t\t\n\t\t\t<div class=\"blog-content\">\n\t\t\t\t\t\t\t\t\t<div class=\"grid-category-post\">\n\t\t\t\t\t\t<a href=\"https:\/\/www.abeton.hu\/index.php\/blog-category\/hirek\/\">H\u00edrek<\/a>\t\t\t\t\t<\/div>\n\t\t\t\t\t\t\t\t\t\t\t<div class=\"blog-author\">\n\t\t\t\t\t\t\t\t\t\t\t\t\t\t\t<span><a href=\"\" target=\"_self\"> <\/a><\/span>\n\t\t\t\t\t\t\t\t\t\t\t\t\t\t\t\t\t\t\t\t\t\t\t\t\t\t\t<\/div>\n\t\t\t\t<div class=\"post-content-text\">\n\t\t\t\t\t\t\t\t\t\t\t\t\t\t\t<h3 class=\"blog-title\"><a href=\"https:\/\/www.abeton.hu\/index.php\/blog-post\/a-beton-igazi-underground-partyhelyszin-varja-a-gyorieket\/\" rel=\"bookmark\">A Beton \u2013 Igazi underground partyhelysz\u00edn v\u00e1rja a gy\u0151rieket<\/a><\/h3>\n\t\t\t\t\t\t\t\t\t\t\t\t\t\t\t\t\t\t\t\t\t<div class=\"blog-content-excerpt\">\n\t\t\t\t\t\t\t\t\t\t\t\t\t\t\t<p class=\"blog-short-content\">https:\/\/primate.hu\/2021\/08\/26\/a-beton-igazi-underground-partyhelyszin-varja-a-gyorieket\/<\/p>\n\t\t\t\t\t\t\t\t<a href=\"https:\/\/www.abeton.hu\/index.php\/blog-post\/a-beton-igazi-underground-partyhelyszin-varja-a-gyorieket\/\" class=\"blog-more-link\"> Read More<\/a>\n\t\t\t\t\t\t\t\t\t\t\t\t\t<\/div>\n\t\t\t\t\t\t\t\t\t<\/div>\n\t\t\t<\/div>\n\t\t\t<\/div>\n\t\t<\/div>\n\t\t<\/div>\n\t\n","protected":false},"excerpt":{"rendered":"","protected":false},"author":1,"featured_media":0,"parent":0,"menu_order":0,"comment_status":"closed","ping_status":"closed","template":"","meta":[],"_links":{"self":[{"href":"https:\/\/www.abeton.hu\/index.php\/wp-json\/wp\/v2\/pages\/178"}],"collection":[{"href":"https:\/\/www.abeton.hu\/index.php\/wp-json\/wp\/v2\/pages"}],"about":[{"href":"https:\/\/www.abeton.hu\/index.php\/wp-json\/wp\/v2\/types\/page"}],"author":[{"embeddable":true,"href":"https:\/\/www.abeton.hu\/index.php\/wp-json\/wp\/v2\/users\/1"}],"replies":[{"embeddable":true,"href":"https:\/\/www.abeton.hu\/index.php\/wp-json\/wp\/v2\/comments?post=178"}],"version-history":[{"count":14,"href":"https:\/\/www.abeton.hu\/index.php\/wp-json\/wp\/v2\/pages\/178\/revisions"}],"predecessor-version":[{"id":10263,"href":"https:\/\/www.abeton.hu\/index.php\/wp-json\/wp\/v2\/pages\/178\/revisions\/10263"}],"wp:attachment":[{"href":"https:\/\/www.abeton.hu\/index.php\/wp-json\/wp\/v2\/media?parent=178"}],"curies":[{"name":"wp","href":"https:\/\/api.w.org\/{rel}","templated":true}]}}