{"id":34,"date":"2016-02-22T18:29:12","date_gmt":"2016-02-22T17:29:12","guid":{"rendered":"http:\/\/localhost\/abeton\/?page_id=34"},"modified":"2021-08-17T07:55:26","modified_gmt":"2021-08-17T05:55:26","slug":"regisztracio","status":"publish","type":"page","link":"https:\/\/www.abeton.hu\/index.php\/regisztracio\/","title":{"rendered":"Regisztr\u00e1ci\u00f3"},"content":{"rendered":"\r\n\t <script src=\"https:\/\/www.google.com\/recaptcha\/api.js\" async defer><\/script>\r\n\r\n        <form method=\"post\" action=\"\/index.php\/wp-json\/wp\/v2\/pages\/34\">\r\n            <div class=\"login-form\">\r\n                <div class=\"form-group\">\r\n                    <input name=\"reg_lname\" type=\"text\" class=\"form-control login-field\"\r\n                           value=\"\"\r\n                           placeholder=\"Csal\u00e1di n\u00e9v\" id=\"reg-lname\" required\/>\r\n                    <label class=\"login-field-icon fui-user\" for=\"reg-lname\"><\/label>\r\n                <\/div>\r\n                \r\n                <div class=\"form-group\">\r\n                    <input name=\"reg_fname\" type=\"text\" class=\"form-control login-field\"\r\n                           value=\"\"\r\n                           placeholder=\"Keresztn\u00e9v\" id=\"reg-fname\" required\/>\r\n                    <label class=\"login-field-icon fui-user\" for=\"reg-fname\"><\/label>\r\n                <\/div>\r\n\r\n                <div class=\"form-group\">\r\n                    <input name=\"reg_email\" type=\"email\" class=\"form-control login-field\"\r\n                           value=\"\"\r\n                           placeholder=\"Email\" id=\"reg-email\" required\/>\r\n                    <label class=\"login-field-icon fui-mail\" for=\"reg-email\"><\/label>\r\n                <\/div>\r\n                \r\n                <div class=\"form-group\">\r\n                    <input name=\"reg_phone\" type=\"text\" class=\"form-control login-field\"\r\n                           value=\"\"\r\n                           placeholder=\"Telefonsz\u00e1m\" id=\"reg-phone\" required\/>\r\n                    <label class=\"login-field-icon fui-location\" for=\"reg-phone\"><\/label>\r\n                <\/div>\r\n                \r\n               <div class=\"form-group\">\r\n                    <input name=\"reg_username\" type=\"text\" class=\"form-control login-field\"\r\n                           value=\"\"\r\n                           placeholder=\"Felszn\u00e1l\u00f3n\u00e9v\" id=\"reg-username\" required\/>\r\n                    <label class=\"login-field-icon fui-user\" for=\"reg-username\"><\/label>\r\n                <\/div>\r\n                \r\n                <div class=\"form-group\">\r\n                    <input name=\"reg_password\" type=\"password\" class=\"form-control login-field\"\r\n                           value=\"\"\r\n                           placeholder=\"Jelsz\u00f3\" id=\"reg-pass\" required\/>\r\n                    <label class=\"login-field-icon fui-lock\" for=\"reg-pass\"><\/label>\r\n                <\/div>\r\n                \r\n                                \r\n                <div class=\"form-group\">\r\n                \t<label for=\"reg-rooms\">Terem:<\/label>\r\n                \t<select id=\"reg-rooms\" name=\"reg_rooms[]\" multiple=\"multiple\"  class=\"form-control login-field\" accesskey=\"e\">\r\n    \t\t\t\t\t        \t\t\t\t\t\t\t<option value=\"323\">\r\n            \t\t\t\t\t\tA\/F        \t\t\t\t\t\t\t<\/option>\r\n        \t\t\t\t        \t\t\t\t\t\t\t<option value=\"41\">\r\n            \t\t\t\t\t\tA1        \t\t\t\t\t\t\t<\/option>\r\n        \t\t\t\t        \t\t\t\t\t\t\t<option value=\"60\">\r\n            \t\t\t\t\t\tA10        \t\t\t\t\t\t\t<\/option>\r\n        \t\t\t\t        \t\t\t\t\t\t\t<option value=\"62\">\r\n            \t\t\t\t\t\tA11        \t\t\t\t\t\t\t<\/option>\r\n        \t\t\t\t        \t\t\t\t\t\t\t<option value=\"64\">\r\n            \t\t\t\t\t\tA12        \t\t\t\t\t\t\t<\/option>\r\n        \t\t\t\t        \t\t\t\t\t\t\t<option value=\"66\">\r\n            \t\t\t\t\t\tA13        \t\t\t\t\t\t\t<\/option>\r\n        \t\t\t\t        \t\t\t\t\t\t\t<option value=\"68\">\r\n            \t\t\t\t\t\tA14        \t\t\t\t\t\t\t<\/option>\r\n        \t\t\t\t        \t\t\t\t\t\t\t<option value=\"70\">\r\n            \t\t\t\t\t\tA15        \t\t\t\t\t\t\t<\/option>\r\n        \t\t\t\t        \t\t\t\t\t\t\t<option value=\"44\">\r\n            \t\t\t\t\t\tA2        \t\t\t\t\t\t\t<\/option>\r\n        \t\t\t\t        \t\t\t\t\t\t\t<option value=\"46\">\r\n            \t\t\t\t\t\tA3        \t\t\t\t\t\t\t<\/option>\r\n        \t\t\t\t        \t\t\t\t\t\t\t<option value=\"48\">\r\n            \t\t\t\t\t\tA4        \t\t\t\t\t\t\t<\/option>\r\n        \t\t\t\t        \t\t\t\t\t\t\t<option value=\"50\">\r\n            \t\t\t\t\t\tA5        \t\t\t\t\t\t\t<\/option>\r\n        \t\t\t\t        \t\t\t\t\t\t\t<option value=\"52\">\r\n            \t\t\t\t\t\tA6        \t\t\t\t\t\t\t<\/option>\r\n        \t\t\t\t        \t\t\t\t\t\t\t<option value=\"54\">\r\n            \t\t\t\t\t\tA7        \t\t\t\t\t\t\t<\/option>\r\n        \t\t\t\t        \t\t\t\t\t\t\t<option value=\"56\">\r\n            \t\t\t\t\t\tA8        \t\t\t\t\t\t\t<\/option>\r\n        \t\t\t\t        \t\t\t\t\t\t\t<option value=\"58\">\r\n            \t\t\t\t\t\tA9        \t\t\t\t\t\t\t<\/option>\r\n        \t\t\t\t        \t\t\t\t\t\t\t<option value=\"325\">\r\n            \t\t\t\t\t\tB\/F        \t\t\t\t\t\t\t<\/option>\r\n        \t\t\t\t        \t\t\t\t\t\t\t<option value=\"72\">\r\n            \t\t\t\t\t\tB1        \t\t\t\t\t\t\t<\/option>\r\n        \t\t\t\t        \t\t\t\t\t\t\t<option value=\"90\">\r\n            \t\t\t\t\t\tB10        \t\t\t\t\t\t\t<\/option>\r\n        \t\t\t\t        \t\t\t\t\t\t\t<option value=\"92\">\r\n            \t\t\t\t\t\tB11        \t\t\t\t\t\t\t<\/option>\r\n        \t\t\t\t        \t\t\t\t\t\t\t<option value=\"94\">\r\n            \t\t\t\t\t\tB12        \t\t\t\t\t\t\t<\/option>\r\n        \t\t\t\t        \t\t\t\t\t\t\t<option value=\"96\">\r\n            \t\t\t\t\t\tB13        \t\t\t\t\t\t\t<\/option>\r\n        \t\t\t\t        \t\t\t\t\t\t\t<option value=\"98\">\r\n            \t\t\t\t\t\tB14        \t\t\t\t\t\t\t<\/option>\r\n        \t\t\t\t        \t\t\t\t\t\t\t<option value=\"100\">\r\n            \t\t\t\t\t\tB15        \t\t\t\t\t\t\t<\/option>\r\n        \t\t\t\t        \t\t\t\t\t\t\t<option value=\"74\">\r\n            \t\t\t\t\t\tB2        \t\t\t\t\t\t\t<\/option>\r\n        \t\t\t\t        \t\t\t\t\t\t\t<option value=\"76\">\r\n            \t\t\t\t\t\tB3        \t\t\t\t\t\t\t<\/option>\r\n        \t\t\t\t        \t\t\t\t\t\t\t<option value=\"78\">\r\n            \t\t\t\t\t\tB4        \t\t\t\t\t\t\t<\/option>\r\n        \t\t\t\t        \t\t\t\t\t\t\t<option value=\"80\">\r\n            \t\t\t\t\t\tB5        \t\t\t\t\t\t\t<\/option>\r\n        \t\t\t\t        \t\t\t\t\t\t\t<option value=\"82\">\r\n            \t\t\t\t\t\tB6        \t\t\t\t\t\t\t<\/option>\r\n        \t\t\t\t        \t\t\t\t\t\t\t<option value=\"84\">\r\n            \t\t\t\t\t\tB7        \t\t\t\t\t\t\t<\/option>\r\n        \t\t\t\t        \t\t\t\t\t\t\t<option value=\"86\">\r\n            \t\t\t\t\t\tB8        \t\t\t\t\t\t\t<\/option>\r\n        \t\t\t\t        \t\t\t\t\t\t\t<option value=\"88\">\r\n            \t\t\t\t\t\tB9        \t\t\t\t\t\t\t<\/option>\r\n        \t\t\t\t\t\t\t\t\t\t<\/select>\r\n\r\n\t\t\t\t\t<\/div>\r\n\t\t<div class=\"form-group\">\r\n    \t\t\t<div class=\"g-recaptcha\" data-sitekey=\"6LfzJ60UAAAAAHBeKpT6NYk3-Ab4KpR79wMv9Ogx\"><\/div>\t \r\n\t\t<\/div>\r\n                      \r\n               <input class=\"btn btn-primary btn-lg btn-block\" type=\"submit\" name=\"reg_submit\" value=\"Regisztr\u00e1ci\u00f3\"\/>\r\n        <\/form>\r\n        <\/div>\r\n    \n","protected":false},"excerpt":{"rendered":"","protected":false},"author":1,"featured_media":10241,"parent":0,"menu_order":0,"comment_status":"closed","ping_status":"closed","template":"","meta":[],"_links":{"self":[{"href":"https:\/\/www.abeton.hu\/index.php\/wp-json\/wp\/v2\/pages\/34"}],"collection":[{"href":"https:\/\/www.abeton.hu\/index.php\/wp-json\/wp\/v2\/pages"}],"about":[{"href":"https:\/\/www.abeton.hu\/index.php\/wp-json\/wp\/v2\/types\/page"}],"author":[{"embeddable":true,"href":"https:\/\/www.abeton.hu\/index.php\/wp-json\/wp\/v2\/users\/1"}],"replies":[{"embeddable":true,"href":"https:\/\/www.abeton.hu\/index.php\/wp-json\/wp\/v2\/comments?post=34"}],"version-history":[{"count":3,"href":"https:\/\/www.abeton.hu\/index.php\/wp-json\/wp\/v2\/pages\/34\/revisions"}],"predecessor-version":[{"id":123,"href":"https:\/\/www.abeton.hu\/index.php\/wp-json\/wp\/v2\/pages\/34\/revisions\/123"}],"wp:featuredmedia":[{"embeddable":true,"href":"https:\/\/www.abeton.hu\/index.php\/wp-json\/wp\/v2\/media\/10241"}],"wp:attachment":[{"href":"https:\/\/www.abeton.hu\/index.php\/wp-json\/wp\/v2\/media?parent=34"}],"curies":[{"name":"wp","href":"https:\/\/api.w.org\/{rel}","templated":true}]}}