{"id":7,"date":"2016-02-18T18:41:37","date_gmt":"2016-02-18T18:41:37","guid":{"rendered":"http:\/\/localhost\/abeton\/?page_id=7"},"modified":"2021-08-31T07:46:52","modified_gmt":"2021-08-31T05:46:52","slug":"rolunk","status":"publish","type":"page","link":"https:\/\/www.abeton.hu\/index.php\/rolunk\/","title":{"rendered":"R\u00f3lunk"},"content":{"rendered":"<p style=\"text-align: center;\">2016. m\u00e1jus elsej\u00e9n megval\u00f3sult egy \u00e1lom, megnyitottuk, t\u00f6bbsz\u00e1z n\u00e9gyzetm\u00e9teren elhelyezked\u0151 saj\u00e1t tulajdon\u00fa zenei B\u00e1bel-tornyunkat.<br \/>Egy r\u00e9gi katonai \u00f3v\u00f3hely ad ennek otthont, illetve fogja \u00f6ssze a t\u00e9rs\u00e9g underground zenei \u00e9let\u00e9t st\u00edlust\u00f3l f\u00fcggetlen\u00fcl.<\/p>\n<p style=\"text-align: center;\">Sz\u00e1munkra fontos, hogy zenei alkot\u00f3munk\u00e1dat megfelel\u0151 k\u00f6rnyezetben tudd megval\u00f3s\u00edtani, ehhez biztos\u00edtjuk a k\u00f6rnyezetet \u00e9s a t\u00e1rgyi felt\u00e9teleket, bar\u00e1ti \u00e1raink is ezt mutatj\u00e1k.<br \/>F\u0151 profilunk egyedi m\u00e9r\u0151\u00f3r\u00e1val rendelkez\u0151 havid\u00edjas termek b\u00e9rbead\u00e1sa.<br \/><br \/><strong>Lehet\u0151s\u00e9g ny\u00edlik tov\u00e1bb\u00e1:<\/strong><\/p>\n<p style=\"text-align: center;\">-backline b\u00e9rl\u00e9sre<\/p>\n<p style=\"text-align: center;\">-kisebb rendezv\u00e9nyek, klubkoncertek hangos\u00edt\u00e1s\u00e1ra<\/p>\n<p style=\"text-align: center;\">-st\u00fadi\u00f3felv\u00e9telek k\u00e9sz\u00edt\u00e9s\u00e9re.<\/p>\n<p style=\"text-align: center;\">-barti \u00f6sszej\u00f6vetelek, rendezv\u00e9nyek megtart\u00e1s\u00e1ra<\/p>\n<p style=\"text-align: center;\">-ki\u00e1ll\u00edt\u00e1sok, workshopok megrendez\u00e9s\u00e9re<\/p>\n\n\n<p><\/p>\n","protected":false},"excerpt":{"rendered":"<p>2016. m\u00e1jus elsej\u00e9n megval\u00f3sult egy \u00e1lom, megnyitottuk, t\u00f6bbsz\u00e1z n\u00e9gyzetm\u00e9teren elhelyezked\u0151 saj\u00e1t tulajdon\u00fa zenei B\u00e1bel-tornyunkat.Egy r\u00e9gi katonai \u00f3v\u00f3hely ad ennek otthont, illetve fogja \u00f6ssze a t\u00e9rs\u00e9g underground zenei \u00e9let\u00e9t st\u00edlust\u00f3l f\u00fcggetlen\u00fcl. Sz\u00e1munkra fontos, hogy zenei alkot\u00f3munk\u00e1dat megfelel\u0151 k\u00f6rnyezetben tudd megval\u00f3s\u00edtani, ehhez biztos\u00edtjuk a k\u00f6rnyezetet \u00e9s a t\u00e1rgyi felt\u00e9teleket, bar\u00e1ti \u00e1raink is ezt mutatj\u00e1k.F\u0151 profilunk egyedi m\u00e9r\u0151\u00f3r\u00e1val rendelkez\u0151 havid\u00edjas termek b\u00e9rbead\u00e1sa. Lehet\u0151s\u00e9g&#8230;<\/p>\n","protected":false},"author":1,"featured_media":10038,"parent":0,"menu_order":0,"comment_status":"closed","ping_status":"closed","template":"","meta":[],"_links":{"self":[{"href":"https:\/\/www.abeton.hu\/index.php\/wp-json\/wp\/v2\/pages\/7"}],"collection":[{"href":"https:\/\/www.abeton.hu\/index.php\/wp-json\/wp\/v2\/pages"}],"about":[{"href":"https:\/\/www.abeton.hu\/index.php\/wp-json\/wp\/v2\/types\/page"}],"author":[{"embeddable":true,"href":"https:\/\/www.abeton.hu\/index.php\/wp-json\/wp\/v2\/users\/1"}],"replies":[{"embeddable":true,"href":"https:\/\/www.abeton.hu\/index.php\/wp-json\/wp\/v2\/comments?post=7"}],"version-history":[{"count":16,"href":"https:\/\/www.abeton.hu\/index.php\/wp-json\/wp\/v2\/pages\/7\/revisions"}],"predecessor-version":[{"id":10282,"href":"https:\/\/www.abeton.hu\/index.php\/wp-json\/wp\/v2\/pages\/7\/revisions\/10282"}],"wp:featuredmedia":[{"embeddable":true,"href":"https:\/\/www.abeton.hu\/index.php\/wp-json\/wp\/v2\/media\/10038"}],"wp:attachment":[{"href":"https:\/\/www.abeton.hu\/index.php\/wp-json\/wp\/v2\/media?parent=7"}],"curies":[{"name":"wp","href":"https:\/\/api.w.org\/{rel}","templated":true}]}}