{"id":9995,"date":"2021-08-17T07:11:06","date_gmt":"2021-08-17T05:11:06","guid":{"rendered":"http:\/\/www.abetonhu.test\/?page_id=9995"},"modified":"2021-10-06T18:45:31","modified_gmt":"2021-10-06T16:45:31","slug":"termeink","status":"publish","type":"page","link":"https:\/\/www.abeton.hu\/index.php\/termeink\/","title":{"rendered":"Termeink"},"content":{"rendered":"\n<p class=\"has-text-align-center\">F\u0151 profilunk a havi d\u00edjas zenekari pr\u00f3batermek kiad\u00e1sa.<br>Jelenleg az al\u00e1bbi m\u00e9ret\u0171 termeink szabadok:<\/p>\n\n\n\n<ul id=\"block-ba415d6b-6f84-4e70-9621-c26778894cc5\"><li>10,5 nm<\/li><li>15 nm<\/li><li>22 nm\u00a0<\/li><\/ul>\n\n\n\n<p class=\"has-text-align-center\">Kiad\u00f3 termeinkkel kapcsolatban vedd fel vel\u00fcnk a kapcsolatot el\u00e9rhet\u0151s\u00e9geink egyik\u00e9n. Foglalni regisztr\u00e1ci\u00f3t k\u00f6vet\u0151en, \u00e9rv\u00e9nyes szerz\u0151d\u00e9ssel tudsz. <\/p>\n\n\n\n<p class=\"has-text-align-center\">Termeink egyedi m\u00e9r\u0151\u00f3r\u00e1val ell\u00e1tottak, recepci\u00f3szolg\u00e1lattal garant\u00e1ljuk \u00e9rt\u00e9keid biztons\u00e1g\u00e1t.<\/p>\n\n\n\n<p class=\"has-text-align-center\">Nyitvatart\u00e1sunk h\u00e9tf\u0151t\u0151l-vas\u00e1rnapig 10-22 \u00f3r\u00e1ig. Ebben az id\u0151intervallumban tudsz j\u00f6nni gyakorolni, el\u0151zetes foglal\u00e1st k\u00f6vet\u0151en.<\/p>\n\n\n<div id=\"envira-gallery-wrap-9994\" class=\"envira-gallery-wrap envira-gallery-theme-base  envira-lazy-loading-disabled envira-layout-mason\" itemscope itemtype=\"http:\/\/schema.org\/ImageGallery\"><div class=\"envira-loader\"><div><\/div><div><\/div><div><\/div><div><\/div><\/div><div data-envira-id=\"9994\" data-gallery-config='{\"type\":\"default\",\"layout\":\"mason\",\"columns\":\"3\",\"gallery_theme\":\"base\",\"justified_margins\":1,\"justified_last_row\":\"nojustify\",\"lazy_loading\":1,\"lazy_loading_delay\":500,\"gutter\":10,\"margin\":10,\"image_size\":\"default\",\"square_size\":300,\"crop_width\":640,\"crop_height\":480,\"crop\":0,\"crop_position\":\"c\",\"additional_copy_0\":0,\"additional_copy_title\":0,\"additional_copy_caption\":0,\"additional_copy_title_caption\":0,\"additional_copy_0_mobile\":0,\"additional_copy_title_mobile\":0,\"additional_copy_caption_mobile\":0,\"additional_copy_title_caption_mobile\":0,\"gallery_column_title_caption\":\"0\",\"gallery_column_title_caption_mobile\":\"0\",\"additional_copy_automatic_0\":0,\"additional_copy_automatic_title\":0,\"additional_copy_automatic_caption\":0,\"additional_copy_automatic_title_caption\":0,\"additional_copy_automatic_0_mobile\":0,\"additional_copy_automatic_title_mobile\":0,\"additional_copy_automatic_caption_mobile\":0,\"additional_copy_automatic_title_caption_mobile\":0,\"gallery_automatic_title_caption\":\"0\",\"gallery_automatic_title_caption_mobile\":\"0\",\"justified_row_height\":150,\"description_position\":\"0\",\"description\":\"\",\"random\":\"0\",\"sort_order\":\"0\",\"sorting_direction\":\"ASC\",\"image_sizes_random\":[],\"isotope\":true,\"lightbox_enabled\":1,\"gallery_link_enabled\":1,\"lightbox_theme\":\"base_dark\",\"lightbox_image_size\":\"default\",\"title_display\":\"float\",\"lightbox_title_caption\":\"title\",\"arrows\":1,\"arrows_position\":\"inside\",\"toolbar\":0,\"toolbar_title\":0,\"toolbar_position\":\"top\",\"loop\":1,\"lightbox_open_close_effect\":\"fade\",\"effect\":\"fade\",\"supersize\":0,\"thumbnails_toggle\":0,\"thumbnails_hide\":0,\"image_counter\":0,\"thumbnails\":1,\"thumbnails_width\":\"auto\",\"thumbnails_height\":\"auto\",\"thumbnails_position\":\"bottom\",\"thumbnails_custom_size\":0,\"mobile\":1,\"mobile_width\":320,\"mobile_height\":240,\"mobile_lightbox\":1,\"mobile_gallery_link_enabled\":0,\"mobile_arrows\":1,\"mobile_toolbar\":1,\"mobile_thumbnails\":1,\"mobile_touchwipe_close\":0,\"mobile_thumbnails_width\":75,\"mobile_thumbnails_height\":50,\"mobile_justified_row_height\":80,\"keyboard\":true,\"standalone_template\":\"\",\"classes\":[\"\"],\"rtl\":0,\"slug\":\"termeink\",\"gallery_id\":9994}' data-gallery-images='[{\"status\":\"active\",\"src\":\"https:\\\/\\\/www.abeton.hu\\\/wp-content\\\/uploads\\\/2021\\\/08\\\/kisterem-web-FF-01.jpg\",\"title\":\"kisterem web FF 01\",\"link\":\"https:\\\/\\\/www.abeton.hu\\\/wp-content\\\/uploads\\\/2021\\\/08\\\/kisterem-web-FF-01.jpg\",\"alt\":\"\",\"caption\":false,\"thumb\":\"https:\\\/\\\/www.abeton.hu\\\/wp-content\\\/uploads\\\/2021\\\/08\\\/kisterem-web-FF-01-75x50_c.jpg\",\"meta\":{\"aperture\":null,\"credit\":null,\"camera\":null,\"caption\":\"\",\"created_timestamp\":null,\"copyright\":\"Gyarmati Balazs\",\"focal_length\":null,\"iso\":null,\"shutter_speed\":null,\"title\":\"\",\"orientation\":null,\"keywords\":null,\"resized_images\":null},\"thumbnail\":\"https:\\\/\\\/www.abeton.hu\\\/wp-content\\\/uploads\\\/2021\\\/08\\\/kisterem-web-FF-01-150x150.jpg\",\"medium\":\"https:\\\/\\\/www.abeton.hu\\\/wp-content\\\/uploads\\\/2021\\\/08\\\/kisterem-web-FF-01-300x200.jpg\",\"medium_large\":\"https:\\\/\\\/www.abeton.hu\\\/wp-content\\\/uploads\\\/2021\\\/08\\\/kisterem-web-FF-01-768x512.jpg\",\"large\":\"https:\\\/\\\/www.abeton.hu\\\/wp-content\\\/uploads\\\/2021\\\/08\\\/kisterem-web-FF-01-1024x683.jpg\",\"1536x1536\":\"https:\\\/\\\/www.abeton.hu\\\/wp-content\\\/uploads\\\/2021\\\/08\\\/kisterem-web-FF-01-1536x1024.jpg\",\"2048x2048\":\"https:\\\/\\\/www.abeton.hu\\\/wp-content\\\/uploads\\\/2021\\\/08\\\/kisterem-web-FF-01.jpg\",\"post-thumbnail\":\"https:\\\/\\\/www.abeton.hu\\\/wp-content\\\/uploads\\\/2021\\\/08\\\/kisterem-web-FF-01-150x150.jpg\",\"mosalon-full\":\"https:\\\/\\\/www.abeton.hu\\\/wp-content\\\/uploads\\\/2021\\\/08\\\/kisterem-web-FF-01-1140x550.jpg\",\"mosalon-lp-2-widget-image\":\"https:\\\/\\\/www.abeton.hu\\\/wp-content\\\/uploads\\\/2021\\\/08\\\/kisterem-web-FF-01-555x300.jpg\",\"mosalon-lp-3-widget-image\":\"https:\\\/\\\/www.abeton.hu\\\/wp-content\\\/uploads\\\/2021\\\/08\\\/kisterem-web-FF-01-360x250.jpg\",\"mosalon-lp-4-widget-image\":\"https:\\\/\\\/www.abeton.hu\\\/wp-content\\\/uploads\\\/2021\\\/08\\\/kisterem-web-FF-01-260x200.jpg\",\"full\":\"https:\\\/\\\/www.abeton.hu\\\/wp-content\\\/uploads\\\/2021\\\/08\\\/kisterem-web-FF-01.jpg\",\"index\":0,\"id\":10311,\"video\":false,\"opts\":{\"caption\":\"\",\"thumb\":\"https:\\\/\\\/www.abeton.hu\\\/wp-content\\\/uploads\\\/2021\\\/08\\\/kisterem-web-FF-01-75x50_c.jpg\",\"title\":\"kisterem web FF 01\"},\"gallery_id\":9994},{\"status\":\"active\",\"src\":\"https:\\\/\\\/www.abeton.hu\\\/wp-content\\\/uploads\\\/2021\\\/08\\\/kisterem-web-FF-02.jpg\",\"title\":\"kisterem web FF 02\",\"link\":\"https:\\\/\\\/www.abeton.hu\\\/wp-content\\\/uploads\\\/2021\\\/08\\\/kisterem-web-FF-02.jpg\",\"alt\":\"\",\"caption\":false,\"thumb\":\"https:\\\/\\\/www.abeton.hu\\\/wp-content\\\/uploads\\\/2021\\\/08\\\/kisterem-web-FF-02-75x50_c.jpg\",\"meta\":{\"aperture\":null,\"credit\":null,\"camera\":null,\"caption\":\"\",\"created_timestamp\":null,\"copyright\":\"Gyarmati Balazs\",\"focal_length\":null,\"iso\":null,\"shutter_speed\":null,\"title\":\"\",\"orientation\":null,\"keywords\":null,\"resized_images\":null},\"thumbnail\":\"https:\\\/\\\/www.abeton.hu\\\/wp-content\\\/uploads\\\/2021\\\/08\\\/kisterem-web-FF-02-150x150.jpg\",\"medium\":\"https:\\\/\\\/www.abeton.hu\\\/wp-content\\\/uploads\\\/2021\\\/08\\\/kisterem-web-FF-02-300x200.jpg\",\"medium_large\":\"https:\\\/\\\/www.abeton.hu\\\/wp-content\\\/uploads\\\/2021\\\/08\\\/kisterem-web-FF-02-768x512.jpg\",\"large\":\"https:\\\/\\\/www.abeton.hu\\\/wp-content\\\/uploads\\\/2021\\\/08\\\/kisterem-web-FF-02-1024x683.jpg\",\"1536x1536\":\"https:\\\/\\\/www.abeton.hu\\\/wp-content\\\/uploads\\\/2021\\\/08\\\/kisterem-web-FF-02-1536x1024.jpg\",\"2048x2048\":\"https:\\\/\\\/www.abeton.hu\\\/wp-content\\\/uploads\\\/2021\\\/08\\\/kisterem-web-FF-02.jpg\",\"post-thumbnail\":\"https:\\\/\\\/www.abeton.hu\\\/wp-content\\\/uploads\\\/2021\\\/08\\\/kisterem-web-FF-02-150x150.jpg\",\"mosalon-full\":\"https:\\\/\\\/www.abeton.hu\\\/wp-content\\\/uploads\\\/2021\\\/08\\\/kisterem-web-FF-02-1140x550.jpg\",\"mosalon-lp-2-widget-image\":\"https:\\\/\\\/www.abeton.hu\\\/wp-content\\\/uploads\\\/2021\\\/08\\\/kisterem-web-FF-02-555x300.jpg\",\"mosalon-lp-3-widget-image\":\"https:\\\/\\\/www.abeton.hu\\\/wp-content\\\/uploads\\\/2021\\\/08\\\/kisterem-web-FF-02-360x250.jpg\",\"mosalon-lp-4-widget-image\":\"https:\\\/\\\/www.abeton.hu\\\/wp-content\\\/uploads\\\/2021\\\/08\\\/kisterem-web-FF-02-260x200.jpg\",\"full\":\"https:\\\/\\\/www.abeton.hu\\\/wp-content\\\/uploads\\\/2021\\\/08\\\/kisterem-web-FF-02.jpg\",\"index\":1,\"id\":10312,\"video\":false,\"opts\":{\"caption\":\"\",\"thumb\":\"https:\\\/\\\/www.abeton.hu\\\/wp-content\\\/uploads\\\/2021\\\/08\\\/kisterem-web-FF-02-75x50_c.jpg\",\"title\":\"kisterem web FF 02\"},\"gallery_id\":9994},{\"status\":\"active\",\"src\":\"https:\\\/\\\/www.abeton.hu\\\/wp-content\\\/uploads\\\/2021\\\/08\\\/nagyterem-web-FF-03.jpg\",\"title\":\"nagyterem web FF 03\",\"link\":\"https:\\\/\\\/www.abeton.hu\\\/wp-content\\\/uploads\\\/2021\\\/08\\\/nagyterem-web-FF-03.jpg\",\"alt\":\"\",\"caption\":false,\"thumb\":\"https:\\\/\\\/www.abeton.hu\\\/wp-content\\\/uploads\\\/2021\\\/08\\\/nagyterem-web-FF-03-75x50_c.jpg\",\"meta\":{\"aperture\":null,\"credit\":null,\"camera\":null,\"caption\":\"\",\"created_timestamp\":null,\"copyright\":\"Gyarmati Balazs\",\"focal_length\":null,\"iso\":null,\"shutter_speed\":null,\"title\":\"\",\"orientation\":null,\"keywords\":null,\"resized_images\":null},\"thumbnail\":\"https:\\\/\\\/www.abeton.hu\\\/wp-content\\\/uploads\\\/2021\\\/08\\\/nagyterem-web-FF-03-150x150.jpg\",\"medium\":\"https:\\\/\\\/www.abeton.hu\\\/wp-content\\\/uploads\\\/2021\\\/08\\\/nagyterem-web-FF-03-300x200.jpg\",\"medium_large\":\"https:\\\/\\\/www.abeton.hu\\\/wp-content\\\/uploads\\\/2021\\\/08\\\/nagyterem-web-FF-03-768x512.jpg\",\"large\":\"https:\\\/\\\/www.abeton.hu\\\/wp-content\\\/uploads\\\/2021\\\/08\\\/nagyterem-web-FF-03-1024x683.jpg\",\"1536x1536\":\"https:\\\/\\\/www.abeton.hu\\\/wp-content\\\/uploads\\\/2021\\\/08\\\/nagyterem-web-FF-03-1536x1024.jpg\",\"2048x2048\":\"https:\\\/\\\/www.abeton.hu\\\/wp-content\\\/uploads\\\/2021\\\/08\\\/nagyterem-web-FF-03.jpg\",\"post-thumbnail\":\"https:\\\/\\\/www.abeton.hu\\\/wp-content\\\/uploads\\\/2021\\\/08\\\/nagyterem-web-FF-03-150x150.jpg\",\"mosalon-full\":\"https:\\\/\\\/www.abeton.hu\\\/wp-content\\\/uploads\\\/2021\\\/08\\\/nagyterem-web-FF-03-1140x550.jpg\",\"mosalon-lp-2-widget-image\":\"https:\\\/\\\/www.abeton.hu\\\/wp-content\\\/uploads\\\/2021\\\/08\\\/nagyterem-web-FF-03-555x300.jpg\",\"mosalon-lp-3-widget-image\":\"https:\\\/\\\/www.abeton.hu\\\/wp-content\\\/uploads\\\/2021\\\/08\\\/nagyterem-web-FF-03-360x250.jpg\",\"mosalon-lp-4-widget-image\":\"https:\\\/\\\/www.abeton.hu\\\/wp-content\\\/uploads\\\/2021\\\/08\\\/nagyterem-web-FF-03-260x200.jpg\",\"full\":\"https:\\\/\\\/www.abeton.hu\\\/wp-content\\\/uploads\\\/2021\\\/08\\\/nagyterem-web-FF-03.jpg\",\"index\":2,\"id\":10313,\"video\":false,\"opts\":{\"caption\":\"\",\"thumb\":\"https:\\\/\\\/www.abeton.hu\\\/wp-content\\\/uploads\\\/2021\\\/08\\\/nagyterem-web-FF-03-75x50_c.jpg\",\"title\":\"nagyterem web FF 03\"},\"gallery_id\":9994},{\"status\":\"active\",\"src\":\"https:\\\/\\\/www.abeton.hu\\\/wp-content\\\/uploads\\\/2021\\\/08\\\/nagyterem-web-FF-04.jpg\",\"title\":\"nagyterem web FF 04\",\"link\":\"https:\\\/\\\/www.abeton.hu\\\/wp-content\\\/uploads\\\/2021\\\/08\\\/nagyterem-web-FF-04.jpg\",\"alt\":\"\",\"caption\":false,\"thumb\":\"https:\\\/\\\/www.abeton.hu\\\/wp-content\\\/uploads\\\/2021\\\/08\\\/nagyterem-web-FF-04-75x50_c.jpg\",\"meta\":{\"aperture\":null,\"credit\":null,\"camera\":null,\"caption\":\"\",\"created_timestamp\":null,\"copyright\":\"Gyarmati Balazs\",\"focal_length\":null,\"iso\":null,\"shutter_speed\":null,\"title\":\"\",\"orientation\":null,\"keywords\":null,\"resized_images\":null},\"thumbnail\":\"https:\\\/\\\/www.abeton.hu\\\/wp-content\\\/uploads\\\/2021\\\/08\\\/nagyterem-web-FF-04-150x150.jpg\",\"medium\":\"https:\\\/\\\/www.abeton.hu\\\/wp-content\\\/uploads\\\/2021\\\/08\\\/nagyterem-web-FF-04-300x200.jpg\",\"medium_large\":\"https:\\\/\\\/www.abeton.hu\\\/wp-content\\\/uploads\\\/2021\\\/08\\\/nagyterem-web-FF-04-768x512.jpg\",\"large\":\"https:\\\/\\\/www.abeton.hu\\\/wp-content\\\/uploads\\\/2021\\\/08\\\/nagyterem-web-FF-04-1024x683.jpg\",\"1536x1536\":\"https:\\\/\\\/www.abeton.hu\\\/wp-content\\\/uploads\\\/2021\\\/08\\\/nagyterem-web-FF-04-1536x1024.jpg\",\"2048x2048\":\"https:\\\/\\\/www.abeton.hu\\\/wp-content\\\/uploads\\\/2021\\\/08\\\/nagyterem-web-FF-04.jpg\",\"post-thumbnail\":\"https:\\\/\\\/www.abeton.hu\\\/wp-content\\\/uploads\\\/2021\\\/08\\\/nagyterem-web-FF-04-150x150.jpg\",\"mosalon-full\":\"https:\\\/\\\/www.abeton.hu\\\/wp-content\\\/uploads\\\/2021\\\/08\\\/nagyterem-web-FF-04-1140x550.jpg\",\"mosalon-lp-2-widget-image\":\"https:\\\/\\\/www.abeton.hu\\\/wp-content\\\/uploads\\\/2021\\\/08\\\/nagyterem-web-FF-04-555x300.jpg\",\"mosalon-lp-3-widget-image\":\"https:\\\/\\\/www.abeton.hu\\\/wp-content\\\/uploads\\\/2021\\\/08\\\/nagyterem-web-FF-04-360x250.jpg\",\"mosalon-lp-4-widget-image\":\"https:\\\/\\\/www.abeton.hu\\\/wp-content\\\/uploads\\\/2021\\\/08\\\/nagyterem-web-FF-04-260x200.jpg\",\"full\":\"https:\\\/\\\/www.abeton.hu\\\/wp-content\\\/uploads\\\/2021\\\/08\\\/nagyterem-web-FF-04.jpg\",\"index\":3,\"id\":10314,\"video\":false,\"opts\":{\"caption\":\"\",\"thumb\":\"https:\\\/\\\/www.abeton.hu\\\/wp-content\\\/uploads\\\/2021\\\/08\\\/nagyterem-web-FF-04-75x50_c.jpg\",\"title\":\"nagyterem web FF 04\"},\"gallery_id\":9994}]' data-lightbox-theme='{&quot;arrows&quot;:true,&quot;margins&quot;:[120,0],&quot;gutter&quot;:&quot;100&quot;,&quot;thumbs_position&quot;:&quot;bottom&quot;,&quot;base_template&quot;:&quot;&lt;div id=\\&quot;envirabox-9994\\&quot; data-envirabox-id=\\&quot;9994\\&quot; class=\\&quot;envirabox-container envirabox-theme-base_dark envirabox-wrap\\&quot; role=\\&quot;dialog\\&quot;&gt;&lt;div class=\\&quot;envirabox-bg\\&quot;&gt;&lt;\\\/div&gt;&lt;div class=\\&quot;envirabox-outer\\&quot;&gt;&lt;div class=\\&quot;envirabox-inner\\&quot;&gt;&lt;div class=\\&quot;envirabox-caption-wrap\\&quot;&gt;&lt;div class=\\&quot;envirabox-title\\&quot;&gt;&lt;\\\/div&gt;&lt;\\\/div&gt;&lt;div class=\\&quot;envirabox-toolbar\\&quot;&gt;&lt;div class=\\&quot;envira-close-button\\&quot;&gt;&lt;a data-envirabox-close class=\\&quot;envirabox-item envirabox-close envirabox-button--close\\&quot; title=\\&quot;Close\\&quot; href=\\&quot;#\\&quot;&gt;&lt;\\\/a&gt;&lt;\\\/div&gt;&lt;\\\/div&gt;&lt;div class=\\&quot;envirabox-navigation\\&quot;&gt;&lt;a data-envirabox-prev title=\\&quot;Prev\\&quot; class=\\&quot;envirabox-arrow envirabox-arrow--left envirabox-nav envirabox-prev\\&quot; href=\\&quot;#\\&quot;&gt;&lt;span&gt;&lt;\\\/span&gt;&lt;\\\/a&gt;&lt;a data-envirabox-next title=\\&quot;Next\\&quot; class=\\&quot;envirabox-arrow envirabox-arrow--right envirabox-nav envirabox-next\\&quot; href=\\&quot;#\\&quot;&gt;&lt;span&gt;&lt;\\\/span&gt;&lt;\\\/a&gt;&lt;\\\/div&gt;&lt;div class=\\&quot;envirabox-stage\\&quot;&gt;&lt;\\\/div&gt;&lt;\\\/div&gt;&lt;\\\/div&gt;&lt;\\\/div&gt;&quot;,&quot;load_all&quot;:false,&quot;error_template&quot;:&quot;&lt;div class=\\&quot;envirabox-error\\&quot;&gt;&lt;p&gt;{{ERROR}}&lt;p&gt;&lt;\\\/div&gt;&quot;,&quot;inner_caption&quot;:false,&quot;caption_position&quot;:false,&quot;arrow_position&quot;:false,&quot;toolbar&quot;:true,&quot;infobar&quot;:false,&quot;show_smallbtn&quot;:false,&quot;idle_time&quot;:false,&quot;click_content&quot;:false,&quot;click_slide&quot;:false,&quot;click_outside&quot;:false,&quot;animation_duration&quot;:false,&quot;transition_duration&quot;:false,&quot;small_btn_template&quot;:&quot;&lt;a data-envirabox-close class=\\&quot;envirabox-item envirabox-close envirabox-button--close\\&quot; title=\\&quot;Close\\&quot; href=\\&quot;#\\&quot;&gt;&lt;\\\/a&gt;&quot;}' id=\"envira-gallery-9994\" class=\"envira-gallery-public  envira-gallery-3-columns envira-clear enviratope\"><div id=\"envira-gallery-item-10311\" class=\"envira-gallery-item envira-gallery-item-1 enviratope-item envira-lazy-load\" style=\"padding-left: 5px; padding-bottom: 10px; padding-right: 5px;\"  itemscope itemtype=\"http:\/\/schema.org\/ImageObject\"><div class=\"envira-gallery-item-inner\"><div class=\"envira-gallery-position-overlay envira-gallery-top-left\"><\/div><div class=\"envira-gallery-position-overlay envira-gallery-top-right\"><\/div><div class=\"envira-gallery-position-overlay envira-gallery-bottom-left\"><\/div><div class=\"envira-gallery-position-overlay envira-gallery-bottom-right\"><\/div><a data-envirabox=\"9994\" href=\"https:\/\/www.abeton.hu\/wp-content\/uploads\/2021\/08\/kisterem-web-FF-01.jpg\" class=\"envira-gallery-9994 envira-gallery-link \" title=\"kisterem web FF 01\" data-envira-item-id=\"10311\" data-title=\"kisterem web FF 01\" data-caption=\" \" data-envira-retina=\"https:\/\/www.abeton.hu\/wp-content\/uploads\/2021\/08\/kisterem-web-FF-01.jpg\" data-thumb=\"https:\/\/www.abeton.hu\/wp-content\/uploads\/2021\/08\/kisterem-web-FF-01-75x50_c.jpg\"  itemprop=\"contentUrl\" ><div class=\"envira-lazy\" data-envira-changed=\"false\" data-width=\"640\" data-height=\"480\" style=\"padding-bottom:75%;\"><img id=\"envira-gallery-image-10311\"  data-envirabox=\"9994\" tabindex=\"-1\" class=\"envira-gallery-image envira-gallery-image-1  envira-lazy\" data-envira-index=\"0\" src=\"https:\/\/www.abeton.hu\/wp-content\/uploads\/2021\/08\/kisterem-web-FF-01-1024x683.jpg\" width=\"640\" height=\"480\" data-envira-src=\"https:\/\/www.abeton.hu\/wp-content\/uploads\/2021\/08\/kisterem-web-FF-01-1024x683.jpg\" data-envira-gallery-id=\"9994\" data-envira-item-id=\"10311\" data-caption=\" \" data-title=\"kisterem web FF 01\"  alt=\"\" title=\"kisterem web FF 01\"  itemprop=\"thumbnailUrl\" data-envira-srcset=\"https:\/\/www.abeton.hu\/wp-content\/uploads\/2021\/08\/kisterem-web-FF-01-1024x683.jpg 400w,https:\/\/www.abeton.hu\/wp-content\/uploads\/2021\/08\/kisterem-web-FF-01-1024x683.jpg 2x\" srcset=\"data:image\/gif;base64,R0lGODlhAQABAIAAAP\/\/\/\/\/\/\/yH5BAEKAAEALAAAAAABAAEAAAICTAEAOw==\" \/><\/div><\/a><div class=\"envira-gallery-captioned-data envira-gallery-captioned-data-base\"><\/div><\/div><\/div><div id=\"envira-gallery-item-10312\" class=\"envira-gallery-item envira-gallery-item-2 enviratope-item envira-lazy-load\" style=\"padding-left: 5px; padding-bottom: 10px; padding-right: 5px;\"  itemscope itemtype=\"http:\/\/schema.org\/ImageObject\"><div class=\"envira-gallery-item-inner\"><div class=\"envira-gallery-position-overlay envira-gallery-top-left\"><\/div><div class=\"envira-gallery-position-overlay envira-gallery-top-right\"><\/div><div class=\"envira-gallery-position-overlay envira-gallery-bottom-left\"><\/div><div class=\"envira-gallery-position-overlay envira-gallery-bottom-right\"><\/div><a data-envirabox=\"9994\" href=\"https:\/\/www.abeton.hu\/wp-content\/uploads\/2021\/08\/kisterem-web-FF-02.jpg\" class=\"envira-gallery-9994 envira-gallery-link \" title=\"kisterem web FF 02\" data-envira-item-id=\"10312\" data-title=\"kisterem web FF 02\" data-caption=\" \" data-envira-retina=\"https:\/\/www.abeton.hu\/wp-content\/uploads\/2021\/08\/kisterem-web-FF-02.jpg\" data-thumb=\"https:\/\/www.abeton.hu\/wp-content\/uploads\/2021\/08\/kisterem-web-FF-02-75x50_c.jpg\"  itemprop=\"contentUrl\" ><div class=\"envira-lazy\" data-envira-changed=\"false\" data-width=\"640\" data-height=\"480\" style=\"padding-bottom:75%;\"><img id=\"envira-gallery-image-10312\"  data-envirabox=\"9994\" tabindex=\"-1\" class=\"envira-gallery-image envira-gallery-image-2  envira-lazy\" data-envira-index=\"1\" src=\"https:\/\/www.abeton.hu\/wp-content\/uploads\/2021\/08\/kisterem-web-FF-02-1024x683.jpg\" width=\"640\" height=\"480\" data-envira-src=\"https:\/\/www.abeton.hu\/wp-content\/uploads\/2021\/08\/kisterem-web-FF-02-1024x683.jpg\" data-envira-gallery-id=\"9994\" data-envira-item-id=\"10312\" data-caption=\" \" data-title=\"kisterem web FF 02\"  alt=\"\" title=\"kisterem web FF 02\"  itemprop=\"thumbnailUrl\" data-envira-srcset=\"https:\/\/www.abeton.hu\/wp-content\/uploads\/2021\/08\/kisterem-web-FF-02-1024x683.jpg 400w,https:\/\/www.abeton.hu\/wp-content\/uploads\/2021\/08\/kisterem-web-FF-02-1024x683.jpg 2x\" srcset=\"data:image\/gif;base64,R0lGODlhAQABAIAAAP\/\/\/\/\/\/\/yH5BAEKAAEALAAAAAABAAEAAAICTAEAOw==\" \/><\/div><\/a><div class=\"envira-gallery-captioned-data envira-gallery-captioned-data-base\"><\/div><\/div><\/div><div id=\"envira-gallery-item-10313\" class=\"envira-gallery-item envira-gallery-item-3 enviratope-item envira-lazy-load\" style=\"padding-left: 5px; padding-bottom: 10px; padding-right: 5px;\"  itemscope itemtype=\"http:\/\/schema.org\/ImageObject\"><div class=\"envira-gallery-item-inner\"><div class=\"envira-gallery-position-overlay envira-gallery-top-left\"><\/div><div class=\"envira-gallery-position-overlay envira-gallery-top-right\"><\/div><div class=\"envira-gallery-position-overlay envira-gallery-bottom-left\"><\/div><div class=\"envira-gallery-position-overlay envira-gallery-bottom-right\"><\/div><a data-envirabox=\"9994\" href=\"https:\/\/www.abeton.hu\/wp-content\/uploads\/2021\/08\/nagyterem-web-FF-03.jpg\" class=\"envira-gallery-9994 envira-gallery-link \" title=\"nagyterem web FF 03\" data-envira-item-id=\"10313\" data-title=\"nagyterem web FF 03\" data-caption=\" \" data-envira-retina=\"https:\/\/www.abeton.hu\/wp-content\/uploads\/2021\/08\/nagyterem-web-FF-03.jpg\" data-thumb=\"https:\/\/www.abeton.hu\/wp-content\/uploads\/2021\/08\/nagyterem-web-FF-03-75x50_c.jpg\"  itemprop=\"contentUrl\" ><div class=\"envira-lazy\" data-envira-changed=\"false\" data-width=\"640\" data-height=\"480\" style=\"padding-bottom:75%;\"><img id=\"envira-gallery-image-10313\"  data-envirabox=\"9994\" tabindex=\"-1\" class=\"envira-gallery-image envira-gallery-image-3  envira-lazy\" data-envira-index=\"2\" src=\"https:\/\/www.abeton.hu\/wp-content\/uploads\/2021\/08\/nagyterem-web-FF-03-1024x683.jpg\" width=\"640\" height=\"480\" data-envira-src=\"https:\/\/www.abeton.hu\/wp-content\/uploads\/2021\/08\/nagyterem-web-FF-03-1024x683.jpg\" data-envira-gallery-id=\"9994\" data-envira-item-id=\"10313\" data-caption=\" \" data-title=\"nagyterem web FF 03\"  alt=\"\" title=\"nagyterem web FF 03\"  itemprop=\"thumbnailUrl\" data-envira-srcset=\"https:\/\/www.abeton.hu\/wp-content\/uploads\/2021\/08\/nagyterem-web-FF-03-1024x683.jpg 400w,https:\/\/www.abeton.hu\/wp-content\/uploads\/2021\/08\/nagyterem-web-FF-03-1024x683.jpg 2x\" srcset=\"data:image\/gif;base64,R0lGODlhAQABAIAAAP\/\/\/\/\/\/\/yH5BAEKAAEALAAAAAABAAEAAAICTAEAOw==\" \/><\/div><\/a><div class=\"envira-gallery-captioned-data envira-gallery-captioned-data-base\"><\/div><\/div><\/div><div id=\"envira-gallery-item-10314\" class=\"envira-gallery-item envira-gallery-item-4 enviratope-item envira-lazy-load\" style=\"padding-left: 5px; padding-bottom: 10px; padding-right: 5px;\"  itemscope itemtype=\"http:\/\/schema.org\/ImageObject\"><div class=\"envira-gallery-item-inner\"><div class=\"envira-gallery-position-overlay envira-gallery-top-left\"><\/div><div class=\"envira-gallery-position-overlay envira-gallery-top-right\"><\/div><div class=\"envira-gallery-position-overlay envira-gallery-bottom-left\"><\/div><div class=\"envira-gallery-position-overlay envira-gallery-bottom-right\"><\/div><a data-envirabox=\"9994\" href=\"https:\/\/www.abeton.hu\/wp-content\/uploads\/2021\/08\/nagyterem-web-FF-04.jpg\" class=\"envira-gallery-9994 envira-gallery-link \" title=\"nagyterem web FF 04\" data-envira-item-id=\"10314\" data-title=\"nagyterem web FF 04\" data-caption=\" \" data-envira-retina=\"https:\/\/www.abeton.hu\/wp-content\/uploads\/2021\/08\/nagyterem-web-FF-04.jpg\" data-thumb=\"https:\/\/www.abeton.hu\/wp-content\/uploads\/2021\/08\/nagyterem-web-FF-04-75x50_c.jpg\"  itemprop=\"contentUrl\" ><div class=\"envira-lazy\" data-envira-changed=\"false\" data-width=\"640\" data-height=\"480\" style=\"padding-bottom:75%;\"><img id=\"envira-gallery-image-10314\"  data-envirabox=\"9994\" tabindex=\"-1\" class=\"envira-gallery-image envira-gallery-image-4  envira-lazy\" data-envira-index=\"3\" src=\"https:\/\/www.abeton.hu\/wp-content\/uploads\/2021\/08\/nagyterem-web-FF-04-1024x683.jpg\" width=\"640\" height=\"480\" data-envira-src=\"https:\/\/www.abeton.hu\/wp-content\/uploads\/2021\/08\/nagyterem-web-FF-04-1024x683.jpg\" data-envira-gallery-id=\"9994\" data-envira-item-id=\"10314\" data-caption=\" \" data-title=\"nagyterem web FF 04\"  alt=\"\" title=\"nagyterem web FF 04\"  itemprop=\"thumbnailUrl\" data-envira-srcset=\"https:\/\/www.abeton.hu\/wp-content\/uploads\/2021\/08\/nagyterem-web-FF-04-1024x683.jpg 400w,https:\/\/www.abeton.hu\/wp-content\/uploads\/2021\/08\/nagyterem-web-FF-04-1024x683.jpg 2x\" srcset=\"data:image\/gif;base64,R0lGODlhAQABAIAAAP\/\/\/\/\/\/\/yH5BAEKAAEALAAAAAABAAEAAAICTAEAOw==\" \/><\/div><\/a><div class=\"envira-gallery-captioned-data envira-gallery-captioned-data-base\"><\/div><\/div><\/div><\/div><\/div><noscript><\/noscript>\n","protected":false},"excerpt":{"rendered":"<p>F\u0151 profilunk a havi d\u00edjas zenekari pr\u00f3batermek kiad\u00e1sa.Jelenleg az al\u00e1bbi m\u00e9ret\u0171 termeink szabadok: 10,5 nm 15 nm 22 nm\u00a0 Kiad\u00f3 termeinkkel kapcsolatban vedd fel vel\u00fcnk a kapcsolatot el\u00e9rhet\u0151s\u00e9geink egyik\u00e9n. Foglalni regisztr\u00e1ci\u00f3t k\u00f6vet\u0151en, \u00e9rv\u00e9nyes szerz\u0151d\u00e9ssel tudsz. Termeink egyedi m\u00e9r\u0151\u00f3r\u00e1val ell\u00e1tottak, recepci\u00f3szolg\u00e1lattal garant\u00e1ljuk \u00e9rt\u00e9keid biztons\u00e1g\u00e1t. Nyitvatart\u00e1sunk h\u00e9tf\u0151t\u0151l-vas\u00e1rnapig 10-22 \u00f3r\u00e1ig. Ebben az id\u0151intervallumban tudsz j\u00f6nni gyakorolni, el\u0151zetes foglal\u00e1st k\u00f6vet\u0151en.<\/p>\n","protected":false},"author":1,"featured_media":10313,"parent":0,"menu_order":0,"comment_status":"closed","ping_status":"closed","template":"","meta":[],"_links":{"self":[{"href":"https:\/\/www.abeton.hu\/index.php\/wp-json\/wp\/v2\/pages\/9995"}],"collection":[{"href":"https:\/\/www.abeton.hu\/index.php\/wp-json\/wp\/v2\/pages"}],"about":[{"href":"https:\/\/www.abeton.hu\/index.php\/wp-json\/wp\/v2\/types\/page"}],"author":[{"embeddable":true,"href":"https:\/\/www.abeton.hu\/index.php\/wp-json\/wp\/v2\/users\/1"}],"replies":[{"embeddable":true,"href":"https:\/\/www.abeton.hu\/index.php\/wp-json\/wp\/v2\/comments?post=9995"}],"version-history":[{"count":9,"href":"https:\/\/www.abeton.hu\/index.php\/wp-json\/wp\/v2\/pages\/9995\/revisions"}],"predecessor-version":[{"id":10498,"href":"https:\/\/www.abeton.hu\/index.php\/wp-json\/wp\/v2\/pages\/9995\/revisions\/10498"}],"wp:featuredmedia":[{"embeddable":true,"href":"https:\/\/www.abeton.hu\/index.php\/wp-json\/wp\/v2\/media\/10313"}],"wp:attachment":[{"href":"https:\/\/www.abeton.hu\/index.php\/wp-json\/wp\/v2\/media?parent=9995"}],"curies":[{"name":"wp","href":"https:\/\/api.w.org\/{rel}","templated":true}]}}